{"id":1578,"date":"2024-12-19T16:10:23","date_gmt":"2024-12-19T16:10:23","guid":{"rendered":"https:\/\/www.solstice.biz\/solstice\/?page_id=1578"},"modified":"2024-12-25T11:40:29","modified_gmt":"2024-12-25T11:40:29","slug":"chasseur-de-tetes","status":"publish","type":"page","link":"https:\/\/www.solstice.biz\/solstice\/chasseur-de-tetes\/","title":{"rendered":"Chasseur de t\u00eates"},"content":{"rendered":"\t\t<div data-elementor-type=\"wp-page\" data-elementor-id=\"1578\" class=\"elementor elementor-1578\">\n\t\t\t\t\t\t<div class=\"elementor-inner\">\n\t\t\t\t<div class=\"elementor-section-wrap\">\n\t\t\t\t\t\t\t\t\t<section class=\"elementor-section elementor-top-section elementor-element elementor-element-b09ca89 elementor-section-boxed elementor-section-height-default elementor-section-height-default\" data-id=\"b09ca89\" data-element_type=\"section\" data-settings=\"{&quot;background_background&quot;:&quot;classic&quot;}\">\n\t\t\t\t\t\t\t<div class=\"elementor-background-overlay\"><\/div>\n\t\t\t\t\t\t\t<div class=\"elementor-container elementor-column-gap-default\">\n\t\t\t\t\t\t\t<div class=\"elementor-row\">\n\t\t\t\t\t<div class=\"elementor-column elementor-col-100 elementor-top-column elementor-element elementor-element-f38b7c7\" data-id=\"f38b7c7\" data-element_type=\"column\">\n\t\t\t<div class=\"elementor-column-wrap elementor-element-populated\">\n\t\t\t\t\t\t\t<div class=\"elementor-widget-wrap\">\n\t\t\t\t\t\t<div class=\"elementor-element elementor-element-68b1438 elementor-widget elementor-widget-text-editor\" data-id=\"68b1438\" data-element_type=\"widget\" data-widget_type=\"text-editor.default\">\n\t\t\t\t<div class=\"elementor-widget-container\">\n\t\t\t\t\t\t\t\t<div class=\"elementor-text-editor elementor-clearfix\">\n\t\t\t\t<p><em><strong>\u00a0<\/strong><\/em><\/p><p><em><strong>Pr\u00e9senter un candidat de choix est un travail de responsabilit\u00e9, qui n\u00e9cessite de la finesse, de la culture, une qualification multidimensionnelle de l&#8217;entreprise, du poste, du consultant, et une conviction \u00e9tay\u00e9e. C&#8217;est tout sauf une activit\u00e9 de masse hasardeuse.<\/strong><\/em><\/p>\t\t\t\t\t<\/div>\n\t\t\t\t\t\t<\/div>\n\t\t\t\t<\/div>\n\t\t\t\t\t\t<\/div>\n\t\t\t\t\t<\/div>\n\t\t<\/div>\n\t\t\t\t\t\t\t\t<\/div>\n\t\t\t\t\t<\/div>\n\t\t<\/section>\n\t\t\t\t<section class=\"elementor-section elementor-top-section elementor-element elementor-element-a0a8c25 elementor-section-boxed elementor-section-height-default elementor-section-height-default\" data-id=\"a0a8c25\" data-element_type=\"section\">\n\t\t\t\t\t\t<div class=\"elementor-container elementor-column-gap-default\">\n\t\t\t\t\t\t\t<div class=\"elementor-row\">\n\t\t\t\t\t<div class=\"elementor-column elementor-col-100 elementor-top-column elementor-element elementor-element-2045087\" data-id=\"2045087\" data-element_type=\"column\">\n\t\t\t<div class=\"elementor-column-wrap elementor-element-populated\">\n\t\t\t\t\t\t\t<div class=\"elementor-widget-wrap\">\n\t\t\t\t\t\t<div class=\"elementor-element elementor-element-56184fb elementor-widget elementor-widget-image\" data-id=\"56184fb\" data-element_type=\"widget\" data-widget_type=\"image.default\">\n\t\t\t\t<div class=\"elementor-widget-container\">\n\t\t\t\t\t\t\t\t<div class=\"elementor-image\">\n\t\t\t\t\t\t\t\t\t\t\t\t<img loading=\"lazy\" decoding=\"async\" width=\"4000\" height=\"2250\" src=\"https:\/\/www.solstice.biz\/solstice\/wp-content\/uploads\/2024\/12\/Recruit1.jpg\" class=\"attachment-full size-full wp-image-1597\" alt=\"\" \/>\t\t\t\t\t\t\t\t\t\t\t\t\t\t<\/div>\n\t\t\t\t\t\t<\/div>\n\t\t\t\t<\/div>\n\t\t\t\t\t\t<\/div>\n\t\t\t\t\t<\/div>\n\t\t<\/div>\n\t\t\t\t\t\t\t\t<\/div>\n\t\t\t\t\t<\/div>\n\t\t<\/section>\n\t\t\t\t<section class=\"elementor-section elementor-top-section elementor-element elementor-element-7878a1b elementor-section-boxed elementor-section-height-default elementor-section-height-default\" data-id=\"7878a1b\" data-element_type=\"section\">\n\t\t\t\t\t\t<div class=\"elementor-container elementor-column-gap-default\">\n\t\t\t\t\t\t\t<div class=\"elementor-row\">\n\t\t\t\t\t<div class=\"elementor-column elementor-col-100 elementor-top-column elementor-element elementor-element-12d96d7\" data-id=\"12d96d7\" data-element_type=\"column\">\n\t\t\t<div class=\"elementor-column-wrap elementor-element-populated\">\n\t\t\t\t\t\t\t<div class=\"elementor-widget-wrap\">\n\t\t\t\t\t\t<div class=\"elementor-element elementor-element-3f1133c elementor-widget elementor-widget-image\" data-id=\"3f1133c\" data-element_type=\"widget\" data-widget_type=\"image.default\">\n\t\t\t\t<div class=\"elementor-widget-container\">\n\t\t\t\t\t\t\t\t<div class=\"elementor-image\">\n\t\t\t\t\t\t\t\t\t\t\t\t<img loading=\"lazy\" decoding=\"async\" width=\"2048\" height=\"1152\" src=\"https:\/\/www.solstice.biz\/solstice\/wp-content\/uploads\/2024\/12\/Recruit2.jpg\" class=\"attachment-2048x2048 size-2048x2048 wp-image-1598\" alt=\"\" \/>\t\t\t\t\t\t\t\t\t\t\t\t\t\t<\/div>\n\t\t\t\t\t\t<\/div>\n\t\t\t\t<\/div>\n\t\t\t\t\t\t<\/div>\n\t\t\t\t\t<\/div>\n\t\t<\/div>\n\t\t\t\t\t\t\t\t<\/div>\n\t\t\t\t\t<\/div>\n\t\t<\/section>\n\t\t\t\t\t\t\t\t\t<\/div>\n\t\t\t<\/div>\n\t\t\t\t\t<\/div>\n\t\t","protected":false},"excerpt":{"rendered":"<p>\u00a0 Pr\u00e9senter un candidat de choix est un travail de responsabilit\u00e9, qui n\u00e9cessite de la finesse, de la culture, une qualification multidimensionnelle de l&#8217;entreprise, du poste, du consultant, et une conviction \u00e9tay\u00e9e. C&#8217;est tout sauf une activit\u00e9 de masse hasardeuse.<\/p>\n","protected":false},"author":1,"featured_media":0,"parent":0,"menu_order":10,"comment_status":"closed","ping_status":"closed","template":"elementor_header_footer","meta":{"footnotes":""},"class_list":["post-1578","page","type-page","status-publish","hentry"],"_links":{"self":[{"href":"https:\/\/www.solstice.biz\/solstice\/wp-json\/wp\/v2\/pages\/1578","targetHints":{"allow":["GET"]}}],"collection":[{"href":"https:\/\/www.solstice.biz\/solstice\/wp-json\/wp\/v2\/pages"}],"about":[{"href":"https:\/\/www.solstice.biz\/solstice\/wp-json\/wp\/v2\/types\/page"}],"author":[{"embeddable":true,"href":"https:\/\/www.solstice.biz\/solstice\/wp-json\/wp\/v2\/users\/1"}],"replies":[{"embeddable":true,"href":"https:\/\/www.solstice.biz\/solstice\/wp-json\/wp\/v2\/comments?post=1578"}],"version-history":[{"count":40,"href":"https:\/\/www.solstice.biz\/solstice\/wp-json\/wp\/v2\/pages\/1578\/revisions"}],"predecessor-version":[{"id":1630,"href":"https:\/\/www.solstice.biz\/solstice\/wp-json\/wp\/v2\/pages\/1578\/revisions\/1630"}],"wp:attachment":[{"href":"https:\/\/www.solstice.biz\/solstice\/wp-json\/wp\/v2\/media?parent=1578"}],"curies":[{"name":"wp","href":"https:\/\/api.w.org\/{rel}","templated":true}]}}